{"id":55,"date":"2020-06-18T01:08:58","date_gmt":"2020-06-18T01:08:58","guid":{"rendered":"https:\/\/limpiezabema.com\/tienda\/?post_type=product&#038;p=55"},"modified":"2020-06-18T01:15:48","modified_gmt":"2020-06-18T01:15:48","slug":"pledge","status":"publish","type":"product","link":"https:\/\/limpiezabema.com\/tienda\/producto\/pledge\/","title":{"rendered":"Limpiador Pledge"},"content":{"rendered":"<p class=\"description_productDescription__2SZ_T text_text__1DYNl\">Pledge\u00ae Aerosol Maderas puede usarse para limpiar, abrillantar y proteger r\u00e1pidamente las superficies duras, dejando un aroma fresco y limpio. Ideal como limpiador de madera, pero puedes usarlo en muebles, puertas, recubrimientos, cuero o imitaci\u00f3n cuero (incluso zapatos), m\u00e1rmol y granito sellados.\u00a0Su f\u00f3rmula elimina hasta el 90 % de los al\u00e9rgenos causados por el polvo y el pelo de mascotas, y repele el polvo por 7 d\u00edas.<\/p>\n<p>Presentaci\u00f3n de 432 ml.<\/p>\n","protected":false},"excerpt":{"rendered":"<p class=\"description_productDescription__2SZ_T text_text__1DYNl\">Pledge\u00ae Aerosol Maderas puede usarse para limpiar, abrillantar y proteger r\u00e1pidamente las superficies duras, dejando un aroma fresco y limpio. Ideal como limpiador de madera, pero puedes usarlo en muebles, puertas, recubrimientos, cuero o imitaci\u00f3n cuero (incluso zapatos), m\u00e1rmol y granito sellados.\u00a0Su f\u00f3rmula elimina hasta el 90 % de los al\u00e9rgenos causados por el polvo y el pelo de mascotas, y repele el polvo por 7 d\u00edas.<\/p>\n<p>Presentaci\u00f3n de 432 ml.<\/p>\n","protected":false},"featured_media":56,"template":"","meta":[],"product_brand":[],"product_cat":[16],"product_tag":[27,24,25],"class_list":{"0":"post-55","1":"product","2":"type-product","3":"status-publish","4":"has-post-thumbnail","6":"product_cat-accesorios","7":"product_tag-aromatizantes","8":"product_tag-jerceria","9":"product_tag-limpieza","11":"first","12":"instock","13":"taxable","14":"shipping-taxable","15":"purchasable","16":"product-type-simple"},"yoast_head":"<!-- This site is optimized with the Yoast SEO plugin v26.8 - https:\/\/yoast.com\/product\/yoast-seo-wordpress\/ -->\n<title>Limpiador Pledge - Limpieza BEMA<\/title>\n<meta name=\"robots\" content=\"index, follow, max-snippet:-1, max-image-preview:large, max-video-preview:-1\" \/>\n<link rel=\"canonical\" href=\"https:\/\/limpiezabema.com\/tienda\/producto\/pledge\/\" \/>\n<meta property=\"og:locale\" content=\"es_MX\" \/>\n<meta property=\"og:type\" content=\"article\" \/>\n<meta property=\"og:title\" content=\"Limpiador Pledge - Limpieza BEMA\" \/>\n<meta property=\"og:description\" content=\"Pledge\u00ae Aerosol Maderas puede usarse para limpiar, abrillantar y proteger r\u00e1pidamente las superficies duras, dejando un aroma fresco y limpio. Ideal como limpiador de madera, pero puedes usarlo en muebles, puertas, recubrimientos, cuero o imitaci\u00f3n cuero (incluso zapatos), m\u00e1rmol y granito sellados.\u00a0Su f\u00f3rmula elimina hasta el 90 % de los al\u00e9rgenos causados por el polvo y el pelo de mascotas, y repele el polvo por 7 d\u00edas. Presentaci\u00f3n de 432 ml.\" \/>\n<meta property=\"og:url\" content=\"https:\/\/limpiezabema.com\/tienda\/producto\/pledge\/\" \/>\n<meta property=\"og:site_name\" content=\"Limpieza BEMA\" \/>\n<meta property=\"article:modified_time\" content=\"2020-06-18T01:15:48+00:00\" \/>\n<meta property=\"og:image\" content=\"https:\/\/limpiezabema.com\/tienda\/wp-content\/uploads\/2020\/06\/PLE-BEM02.jpg\" \/>\n\t<meta property=\"og:image:width\" content=\"960\" \/>\n\t<meta property=\"og:image:height\" content=\"640\" \/>\n\t<meta property=\"og:image:type\" content=\"image\/jpeg\" \/>\n<meta name=\"twitter:card\" content=\"summary_large_image\" \/>\n<script type=\"application\/ld+json\" class=\"yoast-schema-graph\">{\"@context\":\"https:\/\/schema.org\",\"@graph\":[{\"@type\":\"WebPage\",\"@id\":\"https:\/\/limpiezabema.com\/tienda\/producto\/pledge\/\",\"url\":\"https:\/\/limpiezabema.com\/tienda\/producto\/pledge\/\",\"name\":\"Limpiador Pledge - Limpieza BEMA\",\"isPartOf\":{\"@id\":\"https:\/\/limpiezabema.com\/tienda\/#website\"},\"primaryImageOfPage\":{\"@id\":\"https:\/\/limpiezabema.com\/tienda\/producto\/pledge\/#primaryimage\"},\"image\":{\"@id\":\"https:\/\/limpiezabema.com\/tienda\/producto\/pledge\/#primaryimage\"},\"thumbnailUrl\":\"https:\/\/limpiezabema.com\/tienda\/wp-content\/uploads\/2020\/06\/PLE-BEM02.jpg\",\"datePublished\":\"2020-06-18T01:08:58+00:00\",\"dateModified\":\"2020-06-18T01:15:48+00:00\",\"breadcrumb\":{\"@id\":\"https:\/\/limpiezabema.com\/tienda\/producto\/pledge\/#breadcrumb\"},\"inLanguage\":\"es\",\"potentialAction\":[{\"@type\":\"ReadAction\",\"target\":[\"https:\/\/limpiezabema.com\/tienda\/producto\/pledge\/\"]}]},{\"@type\":\"ImageObject\",\"inLanguage\":\"es\",\"@id\":\"https:\/\/limpiezabema.com\/tienda\/producto\/pledge\/#primaryimage\",\"url\":\"https:\/\/limpiezabema.com\/tienda\/wp-content\/uploads\/2020\/06\/PLE-BEM02.jpg\",\"contentUrl\":\"https:\/\/limpiezabema.com\/tienda\/wp-content\/uploads\/2020\/06\/PLE-BEM02.jpg\",\"width\":960,\"height\":640,\"caption\":\"Limpiador de madera Pledge\"},{\"@type\":\"BreadcrumbList\",\"@id\":\"https:\/\/limpiezabema.com\/tienda\/producto\/pledge\/#breadcrumb\",\"itemListElement\":[{\"@type\":\"ListItem\",\"position\":1,\"name\":\"Inicio\",\"item\":\"https:\/\/limpiezabema.com\/tienda\/\"},{\"@type\":\"ListItem\",\"position\":2,\"name\":\"Tienda\",\"item\":\"https:\/\/limpiezabema.com\/tienda\/\"},{\"@type\":\"ListItem\",\"position\":3,\"name\":\"Limpiador Pledge\"}]},{\"@type\":\"WebSite\",\"@id\":\"https:\/\/limpiezabema.com\/tienda\/#website\",\"url\":\"https:\/\/limpiezabema.com\/tienda\/\",\"name\":\"Limpieza BEMA\",\"description\":\"Productos de limpieza\",\"potentialAction\":[{\"@type\":\"SearchAction\",\"target\":{\"@type\":\"EntryPoint\",\"urlTemplate\":\"https:\/\/limpiezabema.com\/tienda\/?s={search_term_string}\"},\"query-input\":{\"@type\":\"PropertyValueSpecification\",\"valueRequired\":true,\"valueName\":\"search_term_string\"}}],\"inLanguage\":\"es\"}]}<\/script>\n<!-- \/ Yoast SEO plugin. -->","yoast_head_json":{"title":"Limpiador Pledge - Limpieza BEMA","robots":{"index":"index","follow":"follow","max-snippet":"max-snippet:-1","max-image-preview":"max-image-preview:large","max-video-preview":"max-video-preview:-1"},"canonical":"https:\/\/limpiezabema.com\/tienda\/producto\/pledge\/","og_locale":"es_MX","og_type":"article","og_title":"Limpiador Pledge - Limpieza BEMA","og_description":"Pledge\u00ae Aerosol Maderas puede usarse para limpiar, abrillantar y proteger r\u00e1pidamente las superficies duras, dejando un aroma fresco y limpio. Ideal como limpiador de madera, pero puedes usarlo en muebles, puertas, recubrimientos, cuero o imitaci\u00f3n cuero (incluso zapatos), m\u00e1rmol y granito sellados.\u00a0Su f\u00f3rmula elimina hasta el 90 % de los al\u00e9rgenos causados por el polvo y el pelo de mascotas, y repele el polvo por 7 d\u00edas. Presentaci\u00f3n de 432 ml.","og_url":"https:\/\/limpiezabema.com\/tienda\/producto\/pledge\/","og_site_name":"Limpieza BEMA","article_modified_time":"2020-06-18T01:15:48+00:00","og_image":[{"width":960,"height":640,"url":"https:\/\/limpiezabema.com\/tienda\/wp-content\/uploads\/2020\/06\/PLE-BEM02.jpg","type":"image\/jpeg"}],"twitter_card":"summary_large_image","schema":{"@context":"https:\/\/schema.org","@graph":[{"@type":"WebPage","@id":"https:\/\/limpiezabema.com\/tienda\/producto\/pledge\/","url":"https:\/\/limpiezabema.com\/tienda\/producto\/pledge\/","name":"Limpiador Pledge - Limpieza BEMA","isPartOf":{"@id":"https:\/\/limpiezabema.com\/tienda\/#website"},"primaryImageOfPage":{"@id":"https:\/\/limpiezabema.com\/tienda\/producto\/pledge\/#primaryimage"},"image":{"@id":"https:\/\/limpiezabema.com\/tienda\/producto\/pledge\/#primaryimage"},"thumbnailUrl":"https:\/\/limpiezabema.com\/tienda\/wp-content\/uploads\/2020\/06\/PLE-BEM02.jpg","datePublished":"2020-06-18T01:08:58+00:00","dateModified":"2020-06-18T01:15:48+00:00","breadcrumb":{"@id":"https:\/\/limpiezabema.com\/tienda\/producto\/pledge\/#breadcrumb"},"inLanguage":"es","potentialAction":[{"@type":"ReadAction","target":["https:\/\/limpiezabema.com\/tienda\/producto\/pledge\/"]}]},{"@type":"ImageObject","inLanguage":"es","@id":"https:\/\/limpiezabema.com\/tienda\/producto\/pledge\/#primaryimage","url":"https:\/\/limpiezabema.com\/tienda\/wp-content\/uploads\/2020\/06\/PLE-BEM02.jpg","contentUrl":"https:\/\/limpiezabema.com\/tienda\/wp-content\/uploads\/2020\/06\/PLE-BEM02.jpg","width":960,"height":640,"caption":"Limpiador de madera Pledge"},{"@type":"BreadcrumbList","@id":"https:\/\/limpiezabema.com\/tienda\/producto\/pledge\/#breadcrumb","itemListElement":[{"@type":"ListItem","position":1,"name":"Inicio","item":"https:\/\/limpiezabema.com\/tienda\/"},{"@type":"ListItem","position":2,"name":"Tienda","item":"https:\/\/limpiezabema.com\/tienda\/"},{"@type":"ListItem","position":3,"name":"Limpiador Pledge"}]},{"@type":"WebSite","@id":"https:\/\/limpiezabema.com\/tienda\/#website","url":"https:\/\/limpiezabema.com\/tienda\/","name":"Limpieza BEMA","description":"Productos de limpieza","potentialAction":[{"@type":"SearchAction","target":{"@type":"EntryPoint","urlTemplate":"https:\/\/limpiezabema.com\/tienda\/?s={search_term_string}"},"query-input":{"@type":"PropertyValueSpecification","valueRequired":true,"valueName":"search_term_string"}}],"inLanguage":"es"}]}},"_links":{"self":[{"href":"https:\/\/limpiezabema.com\/tienda\/wp-json\/wp\/v2\/product\/55","targetHints":{"allow":["GET"]}}],"collection":[{"href":"https:\/\/limpiezabema.com\/tienda\/wp-json\/wp\/v2\/product"}],"about":[{"href":"https:\/\/limpiezabema.com\/tienda\/wp-json\/wp\/v2\/types\/product"}],"wp:featuredmedia":[{"embeddable":true,"href":"https:\/\/limpiezabema.com\/tienda\/wp-json\/wp\/v2\/media\/56"}],"wp:attachment":[{"href":"https:\/\/limpiezabema.com\/tienda\/wp-json\/wp\/v2\/media?parent=55"}],"wp:term":[{"taxonomy":"product_brand","embeddable":true,"href":"https:\/\/limpiezabema.com\/tienda\/wp-json\/wp\/v2\/product_brand?post=55"},{"taxonomy":"product_cat","embeddable":true,"href":"https:\/\/limpiezabema.com\/tienda\/wp-json\/wp\/v2\/product_cat?post=55"},{"taxonomy":"product_tag","embeddable":true,"href":"https:\/\/limpiezabema.com\/tienda\/wp-json\/wp\/v2\/product_tag?post=55"}],"curies":[{"name":"wp","href":"https:\/\/api.w.org\/{rel}","templated":true}]}}